{"id":685,"date":"2024-12-10T17:28:34","date_gmt":"2024-12-10T16:28:34","guid":{"rendered":"https:\/\/drevnykocur.cz\/77\/?page_id=685"},"modified":"2024-12-10T18:00:54","modified_gmt":"2024-12-10T17:00:54","slug":"polityka-prywatnosci","status":"publish","type":"page","link":"https:\/\/drevnykocur.cz\/77\/polityka-prywatnosci\/","title":{"rendered":"POLITYKA PRYWATNO\u015aCI"},"content":{"rendered":"<p>[et_pb_section fb_built=&#8221;1&#8243; _builder_version=&#8221;4.27.4&#8243; _module_preset=&#8221;default&#8221; global_colors_info=&#8221;{}&#8221;][et_pb_row _builder_version=&#8221;4.27.4&#8243; _module_preset=&#8221;default&#8221; global_colors_info=&#8221;{}&#8221;][et_pb_column type=&#8221;4_4&#8243; _builder_version=&#8221;4.27.4&#8243; _module_preset=&#8221;default&#8221; global_colors_info=&#8221;{}&#8221;][et_pb_text admin_label=&#8221;Tekst&#8221; _builder_version=&#8221;4.27.4&#8243; _module_preset=&#8221;default&#8221; global_colors_info=&#8221;{}&#8221;]<\/p>\n<h3 style=\"text-align: center;\">Polityka prywatno\u015bci<\/h3>\n<p><strong>\u00a71. Administrator danych osobowych<\/strong><br \/>Administratorem danych osobowych jest <strong>PIZZA GLOBAL Sp. z o.o.<\/strong>, z siedzib\u0105 w Poznaniu, ul. \u015awi\u0119ty Marcin 11, 61-803 Pozna\u0144, NIP: 7831834183.<\/p>\n<p><strong>\u00a72. Cel przetwarzania danych<\/strong><\/p>\n<ol>\n<li>Dane osobowe Klient\u00f3w s\u0105 przetwarzane w celu:\n<ul>\n<li>Realizacji zam\u00f3wie\u0144 na vouchery,<\/li>\n<li>Wystawienia faktur VAT,<\/li>\n<li>Rozpatrywania reklamacji i zapyta\u0144 Klient\u00f3w.<\/li>\n<\/ul>\n<\/li>\n<li>Podstaw\u0105 przetwarzania danych jest art. 6 ust. 1 lit. b RODO (niezb\u0119dno\u015b\u0107 do wykonania umowy) oraz art. 6 ust. 1 lit. c RODO (obowi\u0105zki prawne).<\/li>\n<\/ol>\n<p><strong>\u00a73. Zakres przetwarzanych danych<\/strong><\/p>\n<ol>\n<li>Przetwarzane dane obejmuj\u0105: imi\u0119, nazwisko, adres e-mail, numer telefonu, numer NIP (w przypadku faktury VAT).<\/li>\n<li>Dane s\u0105 przechowywane przez okres wymagany przepisami prawa podatkowego lub do czasu wyga\u015bni\u0119cia roszcze\u0144 wynikaj\u0105cych z umowy.<\/li>\n<\/ol>\n<p><strong>\u00a74. Prawa Klienta<\/strong><\/p>\n<ol>\n<li>Klient ma prawo dost\u0119pu do swoich danych, ich poprawiania, usuni\u0119cia, ograniczenia przetwarzania oraz wniesienia sprzeciwu wobec przetwarzania.<\/li>\n<li>Klient mo\u017ce z\u0142o\u017cy\u0107 skarg\u0119 do Prezesa Urz\u0119du Ochrony Danych Osobowych, je\u015bli uzna, \u017ce jego dane s\u0105 przetwarzane niezgodnie z prawem.<\/li>\n<\/ol>\n<p><strong>\u00a75. Przekazywanie danych<\/strong><\/p>\n<ol>\n<li>Dane mog\u0105 by\u0107 przekazywane podmiotom realizuj\u0105cym us\u0142ugi p\u0142atnicze (HotPay) oraz podmiotom wspieraj\u0105cym obs\u0142ug\u0119 zam\u00f3wie\u0144.<\/li>\n<li>Dane nie s\u0105 przekazywane do pa\u0144stw trzecich ani organizacji mi\u0119dzynarodowych.<\/li>\n<\/ol>\n<p><strong>\u00a76. Pliki cookies<\/strong><\/p>\n<ol>\n<li>Strona wykorzystuje pliki cookies w celu zapewnienia poprawnego dzia\u0142ania oraz analizy ruchu na stronie.<\/li>\n<li>Klient mo\u017ce zarz\u0105dza\u0107 plikami cookies w ustawieniach przegl\u0105darki.<\/li>\n<\/ol>\n<p><strong>\u00a77. Kontakt w sprawie danych osobowych<\/strong><br \/>Wszelkie pytania dotycz\u0105ce przetwarzania danych osobowych nale\u017cy kierowa\u0107 na adres: <a rel=\"noopener\">rynek77@drevnykocur.cz<\/a>.<\/p>\n<p>[\/et_pb_text][\/et_pb_column][\/et_pb_row][\/et_pb_section][et_pb_section fb_built=&#8221;1&#8243; specialty=&#8221;on&#8221; padding_top_1=&#8221;0px&#8221; padding_top_bottom_link_1=&#8221;false&#8221; padding_left_right_link_1=&#8221;false&#8221; admin_label=&#8221;Footer&#8221; _builder_version=&#8221;4.27.4&#8243; background_color=&#8221;#00223d&#8221; width=&#8221;94%&#8221; width_last_edited=&#8221;off|phone&#8221; module_alignment=&#8221;right&#8221; custom_margin=&#8221;-40px||||false|false&#8221; custom_padding=&#8221;87px|||||&#8221; saved_tabs=&#8221;all&#8221; locked=&#8221;off&#8221; collapsed=&#8221;off&#8221; global_colors_info=&#8221;{}&#8221; theme_builder_area=&#8221;post_content&#8221;][et_pb_column type=&#8221;1_2&#8243; _builder_version=&#8221;4.16&#8243; custom_padding=&#8221;|||&#8221; global_colors_info=&#8221;{}&#8221; custom_padding__hover=&#8221;|||&#8221; theme_builder_area=&#8221;post_content&#8221;][et_pb_text _builder_version=&#8221;4.16&#8243; text_font=&#8221;Cabin||||||||&#8221; text_font_size=&#8221;16px&#8221; text_line_height=&#8221;1.8em&#8221; header_2_font=&#8221;Playfair Display|700|||||||&#8221; header_2_font_size=&#8221;56px&#8221; header_2_line_height=&#8221;1.1em&#8221; header_3_font=&#8221;Cabin|700||on|||||&#8221; header_3_text_color=&#8221;#bd8f52&#8243; header_3_font_size=&#8221;13px&#8221; header_3_letter_spacing=&#8221;3px&#8221; header_3_line_height=&#8221;1.4em&#8221; background_layout=&#8221;dark&#8221; max_width=&#8221;500px&#8221; max_width_tablet=&#8221;90%&#8221; max_width_phone=&#8221;100%&#8221; max_width_last_edited=&#8221;off|desktop&#8221; custom_margin=&#8221;|0px|||false|false&#8221; text_font_size_tablet=&#8221;15px&#8221; text_font_size_phone=&#8221;14px&#8221; text_font_size_last_edited=&#8221;on|phone&#8221; header_2_font_size_tablet=&#8221;44px&#8221; header_2_font_size_phone=&#8221;32px&#8221; header_2_font_size_last_edited=&#8221;on|tablet&#8221; locked=&#8221;off&#8221; global_colors_info=&#8221;{}&#8221; header_2_2_font_size_phone=&#8221;32px&#8221; header_3_2_font_size_phone=&#8221;32px&#8221; header_4_2_font_size_phone=&#8221;32px&#8221; header_5_2_font_size_phone=&#8221;32px&#8221; header_6_2_font_size_phone=&#8221;32px&#8221; header_2_2_font_size_tablet=&#8221;44px&#8221; header_3_2_font_size_tablet=&#8221;44px&#8221; header_4_2_font_size_tablet=&#8221;44px&#8221; header_5_2_font_size_tablet=&#8221;44px&#8221; header_6_2_font_size_tablet=&#8221;44px&#8221; header_2_2_font_size_last_edited=&#8221;on|tablet&#8221; header_3_2_font_size_last_edited=&#8221;on|tablet&#8221; header_4_2_font_size_last_edited=&#8221;on|tablet&#8221; header_5_2_font_size_last_edited=&#8221;on|tablet&#8221; header_6_2_font_size_last_edited=&#8221;on|tablet&#8221; theme_builder_area=&#8221;post_content&#8221;]<\/p>\n<h3>Zapraszamy<\/h3>\n<h2>Nie mo\u017cemy si\u0119 doczeka\u0107!<\/h2>\n<p>[\/et_pb_text][et_pb_text _builder_version=&#8221;4.16&#8243; text_font=&#8221;Cabin||||||||&#8221; text_font_size=&#8221;16px&#8221; text_line_height=&#8221;1.8em&#8221; header_2_font=&#8221;Playfair Display|700|||||||&#8221; header_2_font_size=&#8221;56px&#8221; header_2_line_height=&#8221;1.1em&#8221; header_3_font=&#8221;Cabin|700||on|||||&#8221; header_3_text_color=&#8221;#bd8f52&#8243; header_3_font_size=&#8221;13px&#8221; header_3_letter_spacing=&#8221;3px&#8221; header_3_line_height=&#8221;1.4em&#8221; background_layout=&#8221;dark&#8221; max_width=&#8221;500px&#8221; max_width_tablet=&#8221;90%&#8221; max_width_phone=&#8221;100%&#8221; max_width_last_edited=&#8221;off|desktop&#8221; custom_margin=&#8221;|0px|||false|false&#8221; text_font_size_tablet=&#8221;15px&#8221; text_font_size_phone=&#8221;14px&#8221; text_font_size_last_edited=&#8221;on|phone&#8221; header_2_font_size_tablet=&#8221;44px&#8221; header_2_font_size_phone=&#8221;32px&#8221; header_2_font_size_last_edited=&#8221;on|tablet&#8221; locked=&#8221;off&#8221; global_colors_info=&#8221;{}&#8221; header_2_2_font_size_phone=&#8221;32px&#8221; header_3_2_font_size_phone=&#8221;32px&#8221; header_4_2_font_size_phone=&#8221;32px&#8221; header_5_2_font_size_phone=&#8221;32px&#8221; header_6_2_font_size_phone=&#8221;32px&#8221; header_2_2_font_size_tablet=&#8221;44px&#8221; header_3_2_font_size_tablet=&#8221;44px&#8221; header_4_2_font_size_tablet=&#8221;44px&#8221; header_5_2_font_size_tablet=&#8221;44px&#8221; header_6_2_font_size_tablet=&#8221;44px&#8221; header_2_2_font_size_last_edited=&#8221;on|tablet&#8221; header_3_2_font_size_last_edited=&#8221;on|tablet&#8221; header_4_2_font_size_last_edited=&#8221;on|tablet&#8221; header_5_2_font_size_last_edited=&#8221;on|tablet&#8221; header_6_2_font_size_last_edited=&#8221;on|tablet&#8221; theme_builder_area=&#8221;post_content&#8221;]<\/p>\n<h3>Zapraszamy<\/h3>\n<h2>Nie mo\u017cemy si\u0119 doczeka\u0107!<\/h2>\n<p>[\/et_pb_text][\/et_pb_column][et_pb_column type=&#8221;1_2&#8243; specialty_columns=&#8221;2&#8243; _builder_version=&#8221;4.16&#8243; custom_padding=&#8221;|||&#8221; global_colors_info=&#8221;{}&#8221; custom_padding__hover=&#8221;|||&#8221; theme_builder_area=&#8221;post_content&#8221;][et_pb_row_inner column_structure=&#8221;1_2,1_2&#8243; _builder_version=&#8221;4.16&#8243; background_color=&#8221;rgba(0,0,0,0.36)&#8221; custom_margin=&#8221;||||false|false&#8221; custom_padding=&#8221;|30px|10px|30px|false|true&#8221; global_colors_info=&#8221;{}&#8221; theme_builder_area=&#8221;post_content&#8221;][et_pb_column_inner type=&#8221;1_2&#8243; saved_specialty_column_type=&#8221;1_2&#8243; _builder_version=&#8221;4.16&#8243; custom_css_main_element=&#8221;margin-bottom: 0 !important;&#8221; global_colors_info=&#8221;{}&#8221; theme_builder_area=&#8221;post_content&#8221;][et_pb_text _builder_version=&#8221;4.16&#8243; text_font=&#8221;Cabin||||||||&#8221; text_text_color=&#8221;rgba(85,101,112,0.8)&#8221; text_font_size=&#8221;16px&#8221; text_line_height=&#8221;1.8em&#8221; background_layout=&#8221;dark&#8221; text_font_size_tablet=&#8221;15px&#8221; text_font_size_phone=&#8221;14px&#8221; text_font_size_last_edited=&#8221;on|phone&#8221; locked=&#8221;off&#8221; global_colors_info=&#8221;{}&#8221; theme_builder_area=&#8221;post_content&#8221;]<\/p>\n<p>pd poniedzia\u0142ku do czwartku<\/p>\n<p>[\/et_pb_text][\/et_pb_column_inner][et_pb_column_inner type=&#8221;1_2&#8243; saved_specialty_column_type=&#8221;1_2&#8243; _builder_version=&#8221;4.16&#8243; global_colors_info=&#8221;{}&#8221; theme_builder_area=&#8221;post_content&#8221;][et_pb_text _builder_version=&#8221;4.16&#8243; text_font=&#8221;Cabin||||||||&#8221; text_font_size=&#8221;16px&#8221; text_line_height=&#8221;1.8em&#8221; text_orientation=&#8221;right&#8221; background_layout=&#8221;dark&#8221; text_font_size_tablet=&#8221;15px&#8221; text_font_size_phone=&#8221;14px&#8221; text_font_size_last_edited=&#8221;on|phone&#8221; text_orientation_tablet=&#8221;&#8221; text_orientation_phone=&#8221;left&#8221; text_orientation_last_edited=&#8221;on|phone&#8221; locked=&#8221;off&#8221; global_colors_info=&#8221;{}&#8221; theme_builder_area=&#8221;post_content&#8221;]<\/p>\n<p>12:00 &#8211; 22:00<\/p>\n<p>[\/et_pb_text][\/et_pb_column_inner][\/et_pb_row_inner][et_pb_row_inner column_structure=&#8221;1_2,1_2&#8243; _builder_version=&#8221;4.16&#8243; background_color=&#8221;rgba(0,0,0,0.36)&#8221; min_height=&#8221;57px&#8221; custom_padding=&#8221;10px|30px|10px|30px|true|true&#8221; global_colors_info=&#8221;{}&#8221; theme_builder_area=&#8221;post_content&#8221;][et_pb_column_inner type=&#8221;1_2&#8243; saved_specialty_column_type=&#8221;1_2&#8243; _builder_version=&#8221;4.16&#8243; custom_css_main_element=&#8221;margin-bottom: 0 !important;&#8221; global_colors_info=&#8221;{}&#8221; theme_builder_area=&#8221;post_content&#8221;][et_pb_text _builder_version=&#8221;4.16&#8243; text_font=&#8221;Cabin||||||||&#8221; text_text_color=&#8221;rgba(85,101,112,0.8)&#8221; text_font_size=&#8221;16px&#8221; text_line_height=&#8221;1.8em&#8221; background_layout=&#8221;dark&#8221; text_font_size_tablet=&#8221;15px&#8221; text_font_size_phone=&#8221;14px&#8221; text_font_size_last_edited=&#8221;on|phone&#8221; locked=&#8221;off&#8221; global_colors_info=&#8221;{}&#8221; theme_builder_area=&#8221;post_content&#8221;]<\/p>\n<p>od pi\u0105tku do niedzieli<\/p>\n<p>[\/et_pb_text][\/et_pb_column_inner][et_pb_column_inner type=&#8221;1_2&#8243; saved_specialty_column_type=&#8221;1_2&#8243; _builder_version=&#8221;4.16&#8243; global_colors_info=&#8221;{}&#8221; theme_builder_area=&#8221;post_content&#8221;][et_pb_text _builder_version=&#8221;4.16&#8243; text_font=&#8221;Cabin||||||||&#8221; text_font_size=&#8221;16px&#8221; text_line_height=&#8221;1.8em&#8221; text_orientation=&#8221;right&#8221; background_layout=&#8221;dark&#8221; text_font_size_tablet=&#8221;15px&#8221; text_font_size_phone=&#8221;14px&#8221; text_font_size_last_edited=&#8221;on|phone&#8221; text_orientation_tablet=&#8221;&#8221; text_orientation_phone=&#8221;left&#8221; text_orientation_last_edited=&#8221;on|phone&#8221; locked=&#8221;off&#8221; global_colors_info=&#8221;{}&#8221; theme_builder_area=&#8221;post_content&#8221;]<\/p>\n<p>12:00 &#8211; 23:00<\/p>\n<p>[\/et_pb_text][\/et_pb_column_inner][\/et_pb_row_inner][et_pb_row_inner _builder_version=&#8221;4.16&#8243; global_colors_info=&#8221;{}&#8221; theme_builder_area=&#8221;post_content&#8221;][et_pb_column_inner saved_specialty_column_type=&#8221;1_2&#8243; _builder_version=&#8221;4.16&#8243; global_colors_info=&#8221;{}&#8221; theme_builder_area=&#8221;post_content&#8221;][et_pb_blurb title=&#8221;ZADZWO\u0143&#8221; use_icon=&#8221;on&#8221; font_icon=&#8221;&#xe065;||divi||400&#8243; icon_color=&#8221;#ffffff&#8221; image_icon_background_color=&#8221;#bd8f52&#8243; icon_placement=&#8221;left&#8221; image_icon_width=&#8221;16px&#8221; content_max_width=&#8221;1100px&#8221; _builder_version=&#8221;4.16&#8243; header_font=&#8221;Cabin|700||on|||||&#8221; header_text_color=&#8221;rgba(85,101,112,0.8)&#8221; header_font_size=&#8221;12px&#8221; header_letter_spacing=&#8221;2px&#8221; header_line_height=&#8221;1.4em&#8221; body_font=&#8221;Cabin|700|||||||&#8221; body_font_size=&#8221;16px&#8221; body_line_height=&#8221;1.3em&#8221; image_icon_custom_padding=&#8221;8px|8px|8px|8px|false|false&#8221; background_layout=&#8221;dark&#8221; custom_margin=&#8221;||||false|false&#8221; body_font_size_tablet=&#8221;15px&#8221; body_font_size_phone=&#8221;14px&#8221; body_font_size_last_edited=&#8221;off|desktop&#8221; border_radii_image=&#8221;on|100%|100%|100%|100%&#8221; use_circle=&#8221;on&#8221; circle_color=&#8221;#bd8f52&#8243; locked=&#8221;off&#8221; global_colors_info=&#8221;{}&#8221; image_icon_background_color__sticky_enabled=&#8221;#e02b20&#8243; image_icon_background_color__sticky=&#8221;#e02b20&#8243; theme_builder_area=&#8221;post_content&#8221;]<span style=\"color: #ffffff;\"><a href=\"tel:608487800\" style=\"color: #ffffff;\">608 487 800<\/a><\/span>[\/et_pb_blurb][et_pb_blurb title=&#8221;ODWIED\u0179&#8221; use_icon=&#8221;on&#8221; font_icon=&#8221;&#xe081;||divi||400&#8243; icon_color=&#8221;#ffffff&#8221; image_icon_background_color=&#8221;#bd8f52&#8243; icon_placement=&#8221;left&#8221; image_icon_width=&#8221;16px&#8221; content_max_width=&#8221;1100px&#8221; _builder_version=&#8221;4.16&#8243; header_font=&#8221;Cabin|700||on|||||&#8221; header_text_color=&#8221;rgba(85,101,112,0.8)&#8221; header_font_size=&#8221;12px&#8221; header_letter_spacing=&#8221;2px&#8221; header_line_height=&#8221;1.4em&#8221; body_font=&#8221;Cabin|700|||||||&#8221; body_font_size=&#8221;16px&#8221; body_line_height=&#8221;1.3em&#8221; image_icon_custom_padding=&#8221;8px|8px|8px|8px|false|false&#8221; background_layout=&#8221;dark&#8221; custom_margin=&#8221;||||false|false&#8221; body_font_size_tablet=&#8221;15px&#8221; body_font_size_phone=&#8221;14px&#8221; body_font_size_last_edited=&#8221;off|desktop&#8221; border_radii_image=&#8221;on|100%|100%|100%|100%&#8221; use_circle=&#8221;on&#8221; circle_color=&#8221;#bd8f52&#8243; locked=&#8221;off&#8221; global_colors_info=&#8221;{}&#8221; image_icon_background_color__sticky_enabled=&#8221;#e02b20&#8243; image_icon_background_color__sticky=&#8221;#e02b20&#8243; theme_builder_area=&#8221;post_content&#8221;]<\/p>\n<p>Stary Rynek 77, Pozna\u0144<\/p>\n<p>[\/et_pb_blurb][et_pb_blurb title=&#8221;Napisz&#8221; use_icon=&#8221;on&#8221; font_icon=&#8221;&#xe076;||divi||400&#8243; icon_color=&#8221;#ffffff&#8221; image_icon_background_color=&#8221;#bd8f52&#8243; icon_placement=&#8221;left&#8221; image_icon_width=&#8221;16px&#8221; content_max_width=&#8221;1100px&#8221; _builder_version=&#8221;4.27.4&#8243; header_font=&#8221;Cabin|700||on|||||&#8221; header_text_color=&#8221;rgba(85,101,112,0.8)&#8221; header_font_size=&#8221;12px&#8221; header_letter_spacing=&#8221;2px&#8221; header_line_height=&#8221;1.4em&#8221; body_font=&#8221;Cabin|700|||||||&#8221; body_font_size=&#8221;16px&#8221; body_line_height=&#8221;1.3em&#8221; image_icon_custom_padding=&#8221;8px|8px|8px|8px|false|false&#8221; background_layout=&#8221;dark&#8221; custom_margin=&#8221;||||false|false&#8221; body_font_size_tablet=&#8221;15px&#8221; body_font_size_phone=&#8221;14px&#8221; body_font_size_last_edited=&#8221;off|desktop&#8221; border_radii_image=&#8221;on|100%|100%|100%|100%&#8221; use_circle=&#8221;on&#8221; circle_color=&#8221;#bd8f52&#8243; locked=&#8221;off&#8221; global_colors_info=&#8221;{}&#8221; image_icon_background_color__sticky_enabled=&#8221;#e02b20&#8243; image_icon_background_color__sticky=&#8221;#e02b20&#8243; theme_builder_area=&#8221;post_content&#8221;]<\/p>\n<p><span style=\"color: #ffffff;\"><a style=\"color: #ffffff;\" href=\"mailto:rynek77@drevnykocur.cz\">rynek77@drevnykocur.cz<\/a><\/span><\/p>\n<p>[\/et_pb_blurb][et_pb_blurb title=&#8221;Napisz&#8221; image_icon_background_color=&#8221;#bd8f52&#8243; icon_placement=&#8221;left&#8221; image_icon_width=&#8221;16px&#8221; content_max_width=&#8221;1100px&#8221; _builder_version=&#8221;4.27.4&#8243; header_font=&#8221;Cabin|700||on|||||&#8221; header_text_color=&#8221;rgba(85,101,112,0.8)&#8221; header_font_size=&#8221;12px&#8221; header_letter_spacing=&#8221;2px&#8221; header_line_height=&#8221;1.4em&#8221; body_font=&#8221;Cabin|700|||||||&#8221; body_font_size=&#8221;16px&#8221; body_line_height=&#8221;1.3em&#8221; image_icon_custom_padding=&#8221;8px|8px|8px|8px|false|false&#8221; background_layout=&#8221;dark&#8221; custom_margin=&#8221;||||false|false&#8221; body_font_size_tablet=&#8221;15px&#8221; body_font_size_phone=&#8221;14px&#8221; body_font_size_last_edited=&#8221;off|desktop&#8221; border_radii_image=&#8221;on|100%|100%|100%|100%&#8221; use_circle=&#8221;on&#8221; circle_color=&#8221;#bd8f52&#8243; locked=&#8221;off&#8221; global_colors_info=&#8221;{}&#8221; image_icon_background_color__sticky_enabled=&#8221;#e02b20&#8243; image_icon_background_color__sticky=&#8221;#e02b20&#8243; theme_builder_area=&#8221;post_content&#8221;]<\/p>\n<p><a href=\"https:\/\/drevnykocur.cz\/77\/index.php\/regulamin\/\"><span style=\"color: #ffffff;\">REGULAMIN<\/span><\/a><\/p>\n<p>&nbsp;<\/p>\n<p><a href=\"https:\/\/drevnykocur.cz\/77\/index.php\/polityka-prywatnosci\/\">POLITYKA PRYWATNO\u015aCI<\/a><\/p>\n<p>[\/et_pb_blurb][\/et_pb_column_inner][\/et_pb_row_inner][\/et_pb_column][\/et_pb_section]<\/p>\n","protected":false},"excerpt":{"rendered":"<p>Polityka prywatno\u015bci \u00a71. Administrator danych osobowychAdministratorem danych osobowych jest PIZZA GLOBAL Sp. z o.o., z siedzib\u0105 w Poznaniu, ul. \u015awi\u0119ty Marcin 11, 61-803 Pozna\u0144, NIP: 7831834183. \u00a72. Cel przetwarzania danych Dane osobowe Klient\u00f3w s\u0105 przetwarzane w celu: Realizacji zam\u00f3wie\u0144 na vouchery, Wystawienia faktur VAT, Rozpatrywania reklamacji i zapyta\u0144 Klient\u00f3w. Podstaw\u0105 przetwarzania danych jest art. 6 [&hellip;]<\/p>\n","protected":false},"author":2,"featured_media":0,"parent":0,"menu_order":0,"comment_status":"closed","ping_status":"closed","template":"","meta":{"_et_pb_use_builder":"on","_et_pb_old_content":"","_et_gb_content_width":"","footnotes":""},"class_list":["post-685","page","type-page","status-publish","hentry"],"_links":{"self":[{"href":"https:\/\/drevnykocur.cz\/77\/wp-json\/wp\/v2\/pages\/685","targetHints":{"allow":["GET"]}}],"collection":[{"href":"https:\/\/drevnykocur.cz\/77\/wp-json\/wp\/v2\/pages"}],"about":[{"href":"https:\/\/drevnykocur.cz\/77\/wp-json\/wp\/v2\/types\/page"}],"author":[{"embeddable":true,"href":"https:\/\/drevnykocur.cz\/77\/wp-json\/wp\/v2\/users\/2"}],"replies":[{"embeddable":true,"href":"https:\/\/drevnykocur.cz\/77\/wp-json\/wp\/v2\/comments?post=685"}],"version-history":[{"count":4,"href":"https:\/\/drevnykocur.cz\/77\/wp-json\/wp\/v2\/pages\/685\/revisions"}],"predecessor-version":[{"id":696,"href":"https:\/\/drevnykocur.cz\/77\/wp-json\/wp\/v2\/pages\/685\/revisions\/696"}],"wp:attachment":[{"href":"https:\/\/drevnykocur.cz\/77\/wp-json\/wp\/v2\/media?parent=685"}],"curies":[{"name":"wp","href":"https:\/\/api.w.org\/{rel}","templated":true}]}}