{"id":692,"date":"2025-10-28T17:56:11","date_gmt":"2025-10-28T16:56:11","guid":{"rendered":"https:\/\/drevnykocur.cz\/?page_id=692"},"modified":"2025-10-28T20:14:44","modified_gmt":"2025-10-28T19:14:44","slug":"intro","status":"publish","type":"page","link":"https:\/\/drevnykocur.cz\/","title":{"rendered":"Drevny Kocur Pozna\u0144 Wroc\u0142aw Gda\u0144sk"},"content":{"rendered":"<p>[et_pb_section fb_built=&#8221;1&#8243; admin_label=&#8221;Call to Action&#8221; _builder_version=&#8221;4.27.4&#8243; _module_preset=&#8221;default&#8221; custom_margin=&#8221;||0px||false|false&#8221; custom_padding=&#8221;19px||0px||false|false&#8221; locked=&#8221;off&#8221; collapsed=&#8221;on&#8221; global_colors_info=&#8221;{}&#8221;][et_pb_row column_structure=&#8221;1_5,1_5,1_5,1_5,1_5&#8243; use_custom_gutter=&#8221;on&#8221; gutter_width=&#8221;1&#8243; _builder_version=&#8221;4.27.4&#8243; _module_preset=&#8221;default&#8221; custom_margin=&#8221;0px||0px||false|false&#8221; custom_padding=&#8221;0px||9px||false|false&#8221; animation_style=&#8221;fade&#8221; animation_direction=&#8221;top&#8221; border_width_bottom=&#8221;1px&#8221; border_color_bottom=&#8221;rgba(51,0,0,0.17)&#8221; global_colors_info=&#8221;{}&#8221;][et_pb_column type=&#8221;1_5&#8243; _builder_version=&#8221;4.25.1&#8243; _module_preset=&#8221;default&#8221; global_colors_info=&#8221;{}&#8221;][\/et_pb_column][et_pb_column type=&#8221;1_5&#8243; _builder_version=&#8221;4.25.1&#8243; _module_preset=&#8221;default&#8221; global_colors_info=&#8221;{}&#8221;][et_pb_image src=&#8221;https:\/\/drevnykocur.cz\/wp-content\/uploads\/2025\/10\/Bez-nazwy-5.png&#8221; title_text=&#8221;Bez nazwy-5&#8243; align=&#8221;center&#8221; _builder_version=&#8221;4.27.4&#8243; _module_preset=&#8221;default&#8221; hover_enabled=&#8221;0&#8243; global_colors_info=&#8221;{}&#8221; width_last_edited=&#8221;on|phone&#8221; width_phone=&#8221;63%&#8221; custom_margin_last_edited=&#8221;on|phone&#8221; custom_padding_last_edited=&#8221;on|phone&#8221; custom_margin_phone=&#8221;0px||||false|false&#8221; custom_padding_phone=&#8221;0px||||false|false&#8221; sticky_enabled=&#8221;0&#8243; disabled_on=&#8221;on|on|off&#8221;][\/et_pb_image][et_pb_image src=&#8221;https:\/\/drevnykocur.cz\/wp-content\/uploads\/2025\/10\/stopkaDK.jpg&#8221; _builder_version=&#8221;4.27.4&#8243; _module_preset=&#8221;default&#8221; title_text=&#8221;stopkaDK&#8221; hover_enabled=&#8221;0&#8243; sticky_enabled=&#8221;0&#8243; disabled_on=&#8221;off|off|on&#8221; width=&#8221;100%&#8221; max_width=&#8221;64%&#8221; border_radii=&#8221;on|15px|15px|15px|15px&#8221; align=&#8221;center&#8221; custom_margin=&#8221;25px||||false|false&#8221;][\/et_pb_image][\/et_pb_column][et_pb_column type=&#8221;1_5&#8243; _builder_version=&#8221;4.25.1&#8243; _module_preset=&#8221;default&#8221; global_colors_info=&#8221;{}&#8221;][et_pb_text quote_border_color=&#8221;#e26037&#8243; _builder_version=&#8221;4.27.4&#8243; _module_preset=&#8221;_initial&#8221; text_font=&#8221;Alata||||||||&#8221; text_font_size=&#8221;16px&#8221; text_line_height=&#8221;1.8em&#8221; link_text_color=&#8221;#e26037&#8243; quote_font=&#8221;DM Sans|700|||||||&#8221; quote_text_color=&#8221;#e26037&#8243; quote_font_size=&#8221;24px&#8221; quote_line_height=&#8221;1.3em&#8221; header_font=&#8221;DM Sans|700|||||||&#8221; header_font_size=&#8221;80px&#8221; header_line_height=&#8221;1.1em&#8221; header_2_font=&#8221;DM Sans|700|||||||&#8221; header_2_font_size=&#8221;52px&#8221; header_2_line_height=&#8221;1.2em&#8221; header_3_font=&#8221;DM Sans|700|||||||&#8221; header_3_font_size=&#8221;36px&#8221; header_3_line_height=&#8221;1.2em&#8221; header_4_font=&#8221;DM Sans|700|||||||&#8221; header_4_font_size=&#8221;24px&#8221; header_4_line_height=&#8221;1.3em&#8221; header_5_font=&#8221;DM Sans|700|||||||&#8221; header_5_font_size=&#8221;20px&#8221; header_5_line_height=&#8221;1.4em&#8221; header_6_font=&#8221;DM Sans|700||on|||||&#8221; header_6_font_size=&#8221;16px&#8221; header_6_line_height=&#8221;1.4em&#8221; custom_margin=&#8221;40px||||false|false&#8221; animation_style=&#8221;bounce&#8221; animation_duration=&#8221;1850ms&#8221; animation_delay=&#8221;400ms&#8221; hover_enabled=&#8221;0&#8243; text_font_size_tablet=&#8221;15px&#8221; text_font_size_phone=&#8221;30px&#8221; text_font_size_last_edited=&#8221;on|desktop&#8221; quote_font_size_tablet=&#8221;20px&#8221; quote_font_size_phone=&#8221;16px&#8221; quote_font_size_last_edited=&#8221;on|phone&#8221; header_font_size_tablet=&#8221;40px&#8221; header_font_size_phone=&#8221;24px&#8221; header_font_size_last_edited=&#8221;on|desktop&#8221; header_2_font_size_tablet=&#8221;32px&#8221; header_2_font_size_phone=&#8221;20px&#8221; header_2_font_size_last_edited=&#8221;on|phone&#8221; header_3_font_size_tablet=&#8221;24px&#8221; header_3_font_size_phone=&#8221;18px&#8221; header_3_font_size_last_edited=&#8221;on|phone&#8221; header_4_font_size_tablet=&#8221;20px&#8221; header_4_font_size_phone=&#8221;16px&#8221; header_4_font_size_last_edited=&#8221;on|desktop&#8221; header_5_font_size_tablet=&#8221;18px&#8221; header_5_font_size_phone=&#8221;15px&#8221; header_5_font_size_last_edited=&#8221;on|phone&#8221; header_6_font_size_tablet=&#8221;15px&#8221; header_6_font_size_phone=&#8221;14px&#8221; header_6_font_size_last_edited=&#8221;on|desktop&#8221; global_colors_info=&#8221;{}&#8221; custom_margin_last_edited=&#8221;on|phone&#8221; custom_margin_phone=&#8221;10px||||false|false&#8221; sticky_enabled=&#8221;0&#8243; custom_margin_tablet=&#8221;40px||||false|false&#8221;]<\/p>\n<p style=\"text-align: center;\">V\u00edtejte u n\u00e1s!<\/p>\n<p>[\/et_pb_text][\/et_pb_column][et_pb_column type=&#8221;1_5&#8243; _builder_version=&#8221;4.25.1&#8243; _module_preset=&#8221;default&#8221; global_colors_info=&#8221;{}&#8221;][et_pb_image src=&#8221;https:\/\/drevnykocur.cz\/wp-content\/uploads\/2025\/10\/pysna.png&#8221; _builder_version=&#8221;4.27.4&#8243; _module_preset=&#8221;default&#8221; title_text=&#8221;pysna&#8221; hover_enabled=&#8221;0&#8243; sticky_enabled=&#8221;0&#8243; disabled_on=&#8221;off|off|on&#8221; width=&#8221;100%&#8221; max_width=&#8221;64%&#8221; border_radii=&#8221;on|15px|15px|15px|15px&#8221; align=&#8221;center&#8221; custom_margin=&#8221;6px||40px||false|false&#8221;][\/et_pb_image][et_pb_image src=&#8221;https:\/\/drevnykocur.cz\/wp-content\/uploads\/2025\/10\/Bez-nazwy-4.png&#8221; title_text=&#8221;Bez nazwy-4&#8243; _builder_version=&#8221;4.27.4&#8243; _module_preset=&#8221;default&#8221; hover_enabled=&#8221;0&#8243; global_colors_info=&#8221;{}&#8221; width_last_edited=&#8221;on|phone&#8221; width_phone=&#8221;72%&#8221; align_last_edited=&#8221;on|phone&#8221; align_phone=&#8221;center&#8221; custom_margin_last_edited=&#8221;on|phone&#8221; custom_margin_phone=&#8221;6px||||false|false&#8221; sticky_enabled=&#8221;0&#8243; disabled_on=&#8221;on|on|off&#8221;][\/et_pb_image][\/et_pb_column][et_pb_column type=&#8221;1_5&#8243; _builder_version=&#8221;4.25.1&#8243; _module_preset=&#8221;default&#8221; global_colors_info=&#8221;{}&#8221;][\/et_pb_column][\/et_pb_row][\/et_pb_section][et_pb_section fb_built=&#8221;1&#8243; admin_label=&#8221;Featured Menu&#8221; _builder_version=&#8221;4.27.4&#8243; _module_preset=&#8221;default&#8221; background_color=&#8221;#f4f4f4&#8243; custom_padding=&#8221;0px||0px||false|false&#8221; collapsed=&#8221;on&#8221; global_colors_info=&#8221;{}&#8221;][et_pb_row column_structure=&#8221;1_5,1_5,1_5,1_5,1_5&#8243; _builder_version=&#8221;4.27.4&#8243; _module_preset=&#8221;default&#8221; max_width=&#8221;1944px&#8221; module_alignment=&#8221;right&#8221; custom_padding=&#8221;69px||52px||false|false&#8221; hover_enabled=&#8221;0&#8243; border_color_bottom=&#8221;rgba(51,0,0,0.17)&#8221; locked=&#8221;off&#8221; global_colors_info=&#8221;{}&#8221; sticky_enabled=&#8221;0&#8243; custom_padding_last_edited=&#8221;on|phone&#8221; custom_padding_phone=&#8221;31px||31px||false|false&#8221; custom_padding_tablet=&#8221;69px||52px||false|false&#8221;][et_pb_column type=&#8221;1_5&#8243; _builder_version=&#8221;4.27.4&#8243; _module_preset=&#8221;default&#8221; animation_style=&#8221;fade&#8221; animation_delay=&#8221;250ms&#8221; global_colors_info=&#8221;{}&#8221;][et_pb_heading title=&#8221;Pozna\u0144&#8221; _builder_version=&#8221;4.27.4&#8243; _module_preset=&#8221;_initial&#8221; title_level=&#8221;h5&#8243; title_font=&#8221;DM Sans|700|||||||&#8221; title_font_size=&#8221;20px&#8221; title_line_height=&#8221;1.4em&#8221; custom_margin=&#8221;||0px||false|false&#8221; custom_padding=&#8221;19px|||||&#8221; title_font_size_tablet=&#8221;18px&#8221; title_font_size_phone=&#8221;15px&#8221; title_font_size_last_edited=&#8221;on|phone&#8221; locked=&#8221;off&#8221; global_colors_info=&#8221;{}&#8221;][\/et_pb_heading][et_pb_heading title=&#8221;Drevny Kocur&#8221; _builder_version=&#8221;4.27.4&#8243; _module_preset=&#8221;_initial&#8221; title_level=&#8221;h4&#8243; title_font=&#8221;DM Sans|700|||||||&#8221; title_text_color=&#8221;gcid-3f98729a-f325-4262-9065-9ac1c05e54f8&#8243; title_font_size=&#8221;15px&#8221; title_letter_spacing=&#8221;0em&#8221; title_line_height=&#8221;1.8em&#8221; custom_margin=&#8221;||0px||false|false&#8221; custom_padding=&#8221;||0px||false|false&#8221; title_font_size_tablet=&#8221;13px&#8221; title_font_size_phone=&#8221;12px&#8221; title_font_size_last_edited=&#8221;on|desktop&#8221; locked=&#8221;off&#8221; global_colors_info=&#8221;{%22gcid-3f98729a-f325-4262-9065-9ac1c05e54f8%22:%91%22title_text_color%22%93}&#8221;][\/et_pb_heading][et_pb_button button_url=&#8221;https:\/\/swmarcin.drevnykocur.cz\/&#8221; button_text=&#8221;\u015aw. Marcin 11&#8243; _builder_version=&#8221;4.27.4&#8243; _module_preset=&#8221;default&#8221; custom_button=&#8221;on&#8221; button_text_size=&#8221;15px&#8221; button_text_color=&#8221;#6b6b6b&#8221; button_border_width=&#8221;0px&#8221; button_border_radius=&#8221;1px&#8221; button_icon=&#8221;&#x45;||divi||400&#8243; custom_margin=&#8221;0px||0px||false|false&#8221; custom_padding=&#8221;5px||5px||false|false&#8221; global_colors_info=&#8221;{}&#8221;][\/et_pb_button][et_pb_button button_url=&#8221;https:\/\/drevnykocur.cz\/77\/&#8221; button_text=&#8221;Stary Rynek 77&#8243; _builder_version=&#8221;4.27.4&#8243; _module_preset=&#8221;default&#8221; custom_button=&#8221;on&#8221; button_text_size=&#8221;15px&#8221; button_text_color=&#8221;#6b6b6b&#8221; button_border_width=&#8221;0px&#8221; button_border_radius=&#8221;1px&#8221; button_icon=&#8221;&#x45;||divi||400&#8243; custom_margin=&#8221;0px||9px||false|false&#8221; custom_padding=&#8221;5px||5px||false|false&#8221; global_colors_info=&#8221;{}&#8221;][\/et_pb_button][et_pb_heading title=&#8221;Pysna Chalupa&#8221; _builder_version=&#8221;4.27.4&#8243; _module_preset=&#8221;_initial&#8221; title_level=&#8221;h4&#8243; title_font=&#8221;DM Sans|700|||||||&#8221; title_text_color=&#8221;gcid-3f98729a-f325-4262-9065-9ac1c05e54f8&#8243; title_font_size=&#8221;15px&#8221; title_letter_spacing=&#8221;0em&#8221; title_line_height=&#8221;1.8em&#8221; custom_margin=&#8221;||0px||false|false&#8221; custom_padding=&#8221;||0px||false|false&#8221; title_font_size_tablet=&#8221;13px&#8221; title_font_size_phone=&#8221;12px&#8221; title_font_size_last_edited=&#8221;on|desktop&#8221; locked=&#8221;off&#8221; global_colors_info=&#8221;{%22gcid-3f98729a-f325-4262-9065-9ac1c05e54f8%22:%91%22title_text_color%22%93}&#8221;][\/et_pb_heading][et_pb_button button_url=&#8221;https:\/\/pysnachalupa.pl\/&#8221; button_text=&#8221;Stary Rynek 82&#8243; _builder_version=&#8221;4.27.4&#8243; _module_preset=&#8221;default&#8221; custom_button=&#8221;on&#8221; button_text_size=&#8221;15px&#8221; button_text_color=&#8221;#6b6b6b&#8221; button_border_width=&#8221;0px&#8221; button_border_radius=&#8221;1px&#8221; button_icon=&#8221;&#x45;||divi||400&#8243; custom_margin=&#8221;0px||0px||false|false&#8221; custom_padding=&#8221;5px||5px||false|false&#8221; global_colors_info=&#8221;{}&#8221;][\/et_pb_button][\/et_pb_column][et_pb_column type=&#8221;1_5&#8243; _builder_version=&#8221;4.27.4&#8243; _module_preset=&#8221;default&#8221; animation_style=&#8221;fade&#8221; animation_delay=&#8221;450ms&#8221; global_colors_info=&#8221;{}&#8221;][et_pb_heading title=&#8221;Wroc\u0142aw&#8221; _builder_version=&#8221;4.27.4&#8243; _module_preset=&#8221;_initial&#8221; title_level=&#8221;h5&#8243; title_font=&#8221;DM Sans|700|||||||&#8221; title_font_size=&#8221;20px&#8221; title_line_height=&#8221;1.4em&#8221; custom_margin=&#8221;||0px||false|false&#8221; custom_padding=&#8221;19px|||||&#8221; title_font_size_tablet=&#8221;18px&#8221; title_font_size_phone=&#8221;15px&#8221; title_font_size_last_edited=&#8221;on|phone&#8221; locked=&#8221;off&#8221; global_colors_info=&#8221;{}&#8221;][\/et_pb_heading][et_pb_heading title=&#8221;Drevny Kocur&#8221; _builder_version=&#8221;4.27.4&#8243; _module_preset=&#8221;_initial&#8221; title_level=&#8221;h4&#8243; title_font=&#8221;DM Sans|700|||||||&#8221; title_text_color=&#8221;gcid-3f98729a-f325-4262-9065-9ac1c05e54f8&#8243; title_font_size=&#8221;15px&#8221; title_letter_spacing=&#8221;0em&#8221; title_line_height=&#8221;1.8em&#8221; custom_margin=&#8221;||0px||false|false&#8221; custom_padding=&#8221;||0px||false|false&#8221; title_font_size_tablet=&#8221;13px&#8221; title_font_size_phone=&#8221;12px&#8221; title_font_size_last_edited=&#8221;on|desktop&#8221; locked=&#8221;off&#8221; global_colors_info=&#8221;{%22gcid-3f98729a-f325-4262-9065-9ac1c05e54f8%22:%91%22title_text_color%22%93}&#8221;][\/et_pb_heading][et_pb_button button_url=&#8221;https:\/\/placsolny.drevnykocur.cz\/&#8221; button_text=&#8221;Plac Solny 18&#8243; _builder_version=&#8221;4.27.4&#8243; _module_preset=&#8221;default&#8221; custom_button=&#8221;on&#8221; button_text_size=&#8221;15px&#8221; button_text_color=&#8221;#6b6b6b&#8221; button_border_width=&#8221;0px&#8221; button_border_radius=&#8221;1px&#8221; button_icon=&#8221;&#x45;||divi||400&#8243; custom_margin=&#8221;0px||0px||false|false&#8221; custom_padding=&#8221;5px||5px||false|false&#8221; global_colors_info=&#8221;{}&#8221;][\/et_pb_button][et_pb_button button_url=&#8221;https:\/\/rynek.drevnykocur.cz\/&#8221; button_text=&#8221;Rynek 13&#8243; _builder_version=&#8221;4.27.4&#8243; _module_preset=&#8221;default&#8221; custom_button=&#8221;on&#8221; button_text_size=&#8221;15px&#8221; button_text_color=&#8221;#6b6b6b&#8221; button_border_width=&#8221;0px&#8221; button_border_radius=&#8221;1px&#8221; button_icon=&#8221;&#x45;||divi||400&#8243; custom_margin=&#8221;0px||9px||false|false&#8221; custom_padding=&#8221;5px||5px||false|false&#8221; global_colors_info=&#8221;{}&#8221;][\/et_pb_button][\/et_pb_column][et_pb_column type=&#8221;1_5&#8243; _builder_version=&#8221;4.27.4&#8243; _module_preset=&#8221;default&#8221; animation_style=&#8221;fade&#8221; animation_delay=&#8221;650ms&#8221; global_colors_info=&#8221;{}&#8221;][et_pb_heading title=&#8221;Gda\u0144sk&#8221; _builder_version=&#8221;4.27.4&#8243; _module_preset=&#8221;_initial&#8221; title_level=&#8221;h5&#8243; title_font=&#8221;DM Sans|700|||||||&#8221; title_font_size=&#8221;20px&#8221; title_line_height=&#8221;1.4em&#8221; custom_margin=&#8221;||0px||false|false&#8221; custom_padding=&#8221;19px|||||&#8221; title_font_size_tablet=&#8221;18px&#8221; title_font_size_phone=&#8221;15px&#8221; title_font_size_last_edited=&#8221;on|phone&#8221; locked=&#8221;off&#8221; global_colors_info=&#8221;{}&#8221;][\/et_pb_heading][et_pb_heading title=&#8221;Drevny Kocur&#8221; _builder_version=&#8221;4.27.4&#8243; _module_preset=&#8221;_initial&#8221; title_level=&#8221;h4&#8243; title_font=&#8221;DM Sans|700|||||||&#8221; title_text_color=&#8221;gcid-3f98729a-f325-4262-9065-9ac1c05e54f8&#8243; title_font_size=&#8221;15px&#8221; title_letter_spacing=&#8221;0em&#8221; title_line_height=&#8221;1.8em&#8221; custom_margin=&#8221;||0px||false|false&#8221; custom_padding=&#8221;||0px||false|false&#8221; title_font_size_tablet=&#8221;13px&#8221; title_font_size_phone=&#8221;12px&#8221; title_font_size_last_edited=&#8221;on|desktop&#8221; locked=&#8221;off&#8221; global_colors_info=&#8221;{%22gcid-3f98729a-f325-4262-9065-9ac1c05e54f8%22:%91%22title_text_color%22%93}&#8221;][\/et_pb_heading][et_pb_button button_text=&#8221;Ks. J. Popie\u0142uszki 22&#8243; _builder_version=&#8221;4.27.4&#8243; _module_preset=&#8221;default&#8221; custom_button=&#8221;on&#8221; button_text_size=&#8221;15px&#8221; button_text_color=&#8221;#6b6b6b&#8221; button_border_width=&#8221;0px&#8221; button_border_radius=&#8221;1px&#8221; button_icon=&#8221;&#x45;||divi||400&#8243; custom_margin=&#8221;0px||0px||false|false&#8221; custom_padding=&#8221;5px||5px||false|false&#8221; hover_enabled=&#8221;0&#8243; global_colors_info=&#8221;{}&#8221; sticky_enabled=&#8221;0&#8243;][\/et_pb_button][\/et_pb_column][et_pb_column type=&#8221;1_5&#8243; _builder_version=&#8221;4.25.1&#8243; _module_preset=&#8221;default&#8221; global_colors_info=&#8221;{}&#8221;][\/et_pb_column][et_pb_column type=&#8221;1_5&#8243; _builder_version=&#8221;4.27.4&#8243; _module_preset=&#8221;default&#8221; hover_enabled=&#8221;0&#8243; global_colors_info=&#8221;{}&#8221; disabled_on=&#8221;on|on|off&#8221; sticky_enabled=&#8221;0&#8243;][et_pb_image src=&#8221;https:\/\/drevnykocur.cz\/wp-content\/uploads\/2025\/10\/stopkaDK.jpg&#8221; title_text=&#8221;stopkaDK&#8221; align=&#8221;right&#8221; _builder_version=&#8221;4.27.4&#8243; _module_preset=&#8221;default&#8221; width=&#8221;69%&#8221; custom_margin=&#8221;||0px||false|false&#8221; animation_style=&#8221;slide&#8221; animation_direction=&#8221;right&#8221; animation_duration=&#8221;2000ms&#8221; animation_delay=&#8221;1400ms&#8221; border_radii=&#8221;off|12px|||12px&#8221; global_colors_info=&#8221;{}&#8221;][\/et_pb_image][et_pb_image src=&#8221;https:\/\/drevnykocur.cz\/wp-content\/uploads\/2025\/10\/pysna.png&#8221; title_text=&#8221;pysna&#8221; align=&#8221;right&#8221; _builder_version=&#8221;4.27.4&#8243; _module_preset=&#8221;default&#8221; width=&#8221;69%&#8221; animation_style=&#8221;slide&#8221; animation_direction=&#8221;right&#8221; animation_duration=&#8221;2000ms&#8221; animation_delay=&#8221;2000ms&#8221; border_radii=&#8221;off|12px|||12px&#8221; global_colors_info=&#8221;{}&#8221;][\/et_pb_image][\/et_pb_column][\/et_pb_row][\/et_pb_section][et_pb_section fb_built=&#8221;1&#8243; admin_label=&#8221;Footer&#8221; _builder_version=&#8221;4.27.4&#8243; _module_preset=&#8221;default&#8221; custom_padding=&#8221;0px||||false|false&#8221; animation_style=&#8221;fade&#8221; saved_tabs=&#8221;all&#8221; collapsed=&#8221;on&#8221; global_colors_info=&#8221;{}&#8221;][et_pb_row _builder_version=&#8221;4.27.4&#8243; _module_preset=&#8221;default&#8221; border_width_top=&#8221;1px&#8221; border_color_top=&#8221;#d3d3d3&#8243; global_colors_info=&#8221;{}&#8221;][et_pb_column type=&#8221;4_4&#8243; _builder_version=&#8221;4.25.1&#8243; _module_preset=&#8221;default&#8221; global_colors_info=&#8221;{}&#8221;][et_pb_heading title=&#8221;G\u0142odni? Zapraszamy.&#8221; _builder_version=&#8221;4.27.4&#8243; _module_preset=&#8221;_initial&#8221; title_level=&#8221;h4&#8243; title_font=&#8221;DM Sans|700|||||||&#8221; title_text_align=&#8221;center&#8221; title_text_color=&#8221;gcid-3f98729a-f325-4262-9065-9ac1c05e54f8&#8243; title_font_size=&#8221;24px&#8221; title_line_height=&#8221;1.3em&#8221; custom_margin=&#8221;36px||10px||false|false&#8221; title_font_size_tablet=&#8221;20px&#8221; title_font_size_phone=&#8221;16px&#8221; title_font_size_last_edited=&#8221;on|desktop&#8221; global_colors_info=&#8221;{%22gcid-3f98729a-f325-4262-9065-9ac1c05e54f8%22:%91%22title_text_color%22%93}&#8221;][\/et_pb_heading][et_pb_text quote_border_color=&#8221;#e26037&#8243; _builder_version=&#8221;4.27.4&#8243; _dynamic_attributes=&#8221;content&#8221; _module_preset=&#8221;_initial&#8221; text_text_color=&#8221;rgba(102,102,102,0.5)&#8221; text_font_size=&#8221;16px&#8221; text_line_height=&#8221;1.8em&#8221; link_text_color=&#8221;#e26037&#8243; quote_font=&#8221;DM Sans|700|||||||&#8221; quote_text_color=&#8221;#e26037&#8243; quote_font_size=&#8221;24px&#8221; quote_line_height=&#8221;1.3em&#8221; header_font=&#8221;DM Sans|700|||||||&#8221; header_font_size=&#8221;80px&#8221; header_line_height=&#8221;1.1em&#8221; header_2_font=&#8221;DM Sans|700|||||||&#8221; header_2_font_size=&#8221;52px&#8221; header_2_line_height=&#8221;1.2em&#8221; header_3_font=&#8221;DM Sans|700|||||||&#8221; header_3_font_size=&#8221;36px&#8221; header_3_line_height=&#8221;1.2em&#8221; header_4_font=&#8221;DM Sans|700|||||||&#8221; header_4_font_size=&#8221;24px&#8221; header_4_line_height=&#8221;1.3em&#8221; header_5_font=&#8221;DM Sans|700|||||||&#8221; header_5_font_size=&#8221;20px&#8221; header_5_line_height=&#8221;1.4em&#8221; header_6_font=&#8221;DM Sans|700||on|||||&#8221; header_6_font_size=&#8221;16px&#8221; header_6_line_height=&#8221;1.4em&#8221; text_orientation=&#8221;center&#8221; text_font_size_tablet=&#8221;15px&#8221; text_font_size_phone=&#8221;14px&#8221; text_font_size_last_edited=&#8221;on|desktop&#8221; quote_font_size_tablet=&#8221;20px&#8221; quote_font_size_phone=&#8221;16px&#8221; quote_font_size_last_edited=&#8221;on|phone&#8221; header_font_size_tablet=&#8221;40px&#8221; header_font_size_phone=&#8221;24px&#8221; header_font_size_last_edited=&#8221;on|desktop&#8221; header_2_font_size_tablet=&#8221;32px&#8221; header_2_font_size_phone=&#8221;20px&#8221; header_2_font_size_last_edited=&#8221;on|phone&#8221; header_3_font_size_tablet=&#8221;24px&#8221; header_3_font_size_phone=&#8221;18px&#8221; header_3_font_size_last_edited=&#8221;on|phone&#8221; header_4_font_size_tablet=&#8221;20px&#8221; header_4_font_size_phone=&#8221;16px&#8221; header_4_font_size_last_edited=&#8221;on|desktop&#8221; header_5_font_size_tablet=&#8221;18px&#8221; header_5_font_size_phone=&#8221;15px&#8221; header_5_font_size_last_edited=&#8221;on|phone&#8221; header_6_font_size_tablet=&#8221;15px&#8221; header_6_font_size_phone=&#8221;14px&#8221; header_6_font_size_last_edited=&#8221;on|desktop&#8221; locked=&#8221;off&#8221; global_colors_info=&#8221;{}&#8221;]@ET-DC@eyJkeW5hbWljIjp0cnVlLCJjb250ZW50IjoiY3VycmVudF9kYXRlIiwic2V0dGluZ3MiOnsiYmVmb3JlIjoiJmNvcHk7ICIsImFmdGVyIjoiIHwgUmVzdGF1cmFjamEgUHlzem5hIFNwLiB6IG8uby4gfCBXc3plbGtpZSBwcmF3YSB6YXN0cnplXHUwMTdjb25lIiwiZGF0ZV9mb3JtYXQiOiJjdXN0b20iLCJjdXN0b21fZGF0ZV9mb3JtYXQiOiJZIn19@[\/et_pb_text][\/et_pb_column][\/et_pb_row][\/et_pb_section]<\/p>\n","protected":false},"excerpt":{"rendered":"<p>V\u00edtejte u n\u00e1s!<\/p>\n","protected":false},"author":1,"featured_media":0,"parent":0,"menu_order":0,"comment_status":"closed","ping_status":"closed","template":"","meta":{"_et_pb_use_builder":"on","_et_pb_old_content":"","_et_gb_content_width":"","footnotes":""},"dipi_cpt_category":[],"class_list":["post-692","page","type-page","status-publish","hentry"],"_links":{"self":[{"href":"https:\/\/drevnykocur.cz\/index.php\/wp-json\/wp\/v2\/pages\/692","targetHints":{"allow":["GET"]}}],"collection":[{"href":"https:\/\/drevnykocur.cz\/index.php\/wp-json\/wp\/v2\/pages"}],"about":[{"href":"https:\/\/drevnykocur.cz\/index.php\/wp-json\/wp\/v2\/types\/page"}],"author":[{"embeddable":true,"href":"https:\/\/drevnykocur.cz\/index.php\/wp-json\/wp\/v2\/users\/1"}],"replies":[{"embeddable":true,"href":"https:\/\/drevnykocur.cz\/index.php\/wp-json\/wp\/v2\/comments?post=692"}],"version-history":[{"count":23,"href":"https:\/\/drevnykocur.cz\/index.php\/wp-json\/wp\/v2\/pages\/692\/revisions"}],"predecessor-version":[{"id":731,"href":"https:\/\/drevnykocur.cz\/index.php\/wp-json\/wp\/v2\/pages\/692\/revisions\/731"}],"wp:attachment":[{"href":"https:\/\/drevnykocur.cz\/index.php\/wp-json\/wp\/v2\/media?parent=692"}],"wp:term":[{"taxonomy":"dipi_cpt_category","embeddable":true,"href":"https:\/\/drevnykocur.cz\/index.php\/wp-json\/wp\/v2\/dipi_cpt_category?post=692"}],"curies":[{"name":"wp","href":"https:\/\/api.w.org\/{rel}","templated":true}]}}